{"id":621,"date":"2022-08-03T17:18:45","date_gmt":"2022-08-03T17:18:45","guid":{"rendered":"https:\/\/www.hol-tech.pl\/?page_id=621"},"modified":"2023-02-20T00:20:14","modified_gmt":"2023-02-20T00:20:14","slug":"serwis-klimatyzacji","status":"publish","type":"page","link":"https:\/\/www.hol-tech.pl\/index.php\/serwis-klimatyzacji\/","title":{"rendered":"Serwis klimatyzacji"},"content":{"rendered":"\t\t<div data-elementor-type=\"wp-page\" data-elementor-id=\"621\" class=\"elementor elementor-621\" data-elementor-post-type=\"page\">\n\t\t\t\t\t\t<section class=\"elementor-section elementor-top-section elementor-element elementor-element-29dfac5 elementor-section-boxed elementor-section-height-default elementor-section-height-default\" data-id=\"29dfac5\" data-element_type=\"section\">\n\t\t\t\t\t\t<div class=\"elementor-container elementor-column-gap-default\">\n\t\t\t\t\t<div class=\"elementor-column elementor-col-100 elementor-top-column elementor-element elementor-element-6651a22\" data-id=\"6651a22\" data-element_type=\"column\">\n\t\t\t<div class=\"elementor-widget-wrap elementor-element-populated\">\n\t\t\t\t\t\t<div class=\"elementor-element elementor-element-d1b2cfd elementor-widget elementor-widget-heading\" data-id=\"d1b2cfd\" data-element_type=\"widget\" data-widget_type=\"heading.default\">\n\t\t\t\t<div class=\"elementor-widget-container\">\n\t\t\t\t\t<h2 class=\"elementor-heading-title elementor-size-default\">SERWIS KLIMATYZACJI<\/h2>\t\t\t\t<\/div>\n\t\t\t\t<\/div>\n\t\t\t\t\t<\/div>\n\t\t<\/div>\n\t\t\t\t\t<\/div>\n\t\t<\/section>\n\t\t\t\t<section class=\"elementor-section elementor-top-section elementor-element elementor-element-eb89c14 elementor-section-boxed elementor-section-height-default elementor-section-height-default\" data-id=\"eb89c14\" data-element_type=\"section\">\n\t\t\t\t\t\t<div class=\"elementor-container elementor-column-gap-default\">\n\t\t\t\t\t<div class=\"elementor-column elementor-col-50 elementor-top-column elementor-element elementor-element-a5393a5\" data-id=\"a5393a5\" data-element_type=\"column\">\n\t\t\t<div class=\"elementor-widget-wrap elementor-element-populated\">\n\t\t\t\t\t\t<div class=\"elementor-element elementor-element-5b2258d elementor-widget elementor-widget-image\" data-id=\"5b2258d\" data-element_type=\"widget\" data-widget_type=\"image.default\">\n\t\t\t\t<div class=\"elementor-widget-container\">\n\t\t\t\t\t\t\t\t\t\t\t\t\t\t\t<img fetchpriority=\"high\" decoding=\"async\" width=\"421\" height=\"320\" src=\"http:\/\/www.hol-tech.pl\/wp-content\/uploads\/2023\/02\/air-conditioner-servicing-newcastle-e1676162354393.jpg\" class=\"attachment-medium_large size-medium_large wp-image-1690\" alt=\"\" srcset=\"http:\/\/www.hol-tech.pl\/wp-content\/uploads\/2023\/02\/air-conditioner-servicing-newcastle-e1676162354393.jpg 421w, http:\/\/www.hol-tech.pl\/wp-content\/uploads\/2023\/02\/air-conditioner-servicing-newcastle-e1676162354393-300x228.jpg 300w\" sizes=\"(max-width: 421px) 100vw, 421px\" \/>\t\t\t\t\t\t\t\t\t\t\t\t\t\t\t<\/div>\n\t\t\t\t<\/div>\n\t\t\t\t\t<\/div>\n\t\t<\/div>\n\t\t\t\t<div class=\"elementor-column elementor-col-50 elementor-top-column elementor-element elementor-element-41ea961\" data-id=\"41ea961\" data-element_type=\"column\">\n\t\t\t<div class=\"elementor-widget-wrap elementor-element-populated\">\n\t\t\t\t\t\t<div class=\"elementor-element elementor-element-11aa517 elementor-align-center elementor-widget elementor-widget-button\" data-id=\"11aa517\" data-element_type=\"widget\" data-widget_type=\"button.default\">\n\t\t\t\t<div class=\"elementor-widget-container\">\n\t\t\t\t\t\t\t\t\t<div class=\"elementor-button-wrapper\">\n\t\t\t\t\t<a class=\"elementor-button elementor-button-link elementor-size-sm\" href=\"https:\/\/www.hol-tech.pl\/index.php\/kontakt\/\">\n\t\t\t\t\t\t<span class=\"elementor-button-content-wrapper\">\n\t\t\t\t\t\t\t\t\t<span class=\"elementor-button-text\">Skorzystaj z profesjonalnego serwisu klimatyzacji<\/span>\n\t\t\t\t\t<\/span>\n\t\t\t\t\t<\/a>\n\t\t\t\t<\/div>\n\t\t\t\t\t\t\t\t<\/div>\n\t\t\t\t<\/div>\n\t\t\t\t\t<\/div>\n\t\t<\/div>\n\t\t\t\t\t<\/div>\n\t\t<\/section>\n\t\t\t\t<section class=\"elementor-section elementor-top-section elementor-element elementor-element-886914d elementor-section-boxed elementor-section-height-default elementor-section-height-default\" data-id=\"886914d\" data-element_type=\"section\">\n\t\t\t\t\t\t<div class=\"elementor-container elementor-column-gap-default\">\n\t\t\t\t\t<div class=\"elementor-column elementor-col-100 elementor-top-column elementor-element elementor-element-5fed8d2\" data-id=\"5fed8d2\" data-element_type=\"column\">\n\t\t\t<div class=\"elementor-widget-wrap elementor-element-populated\">\n\t\t\t\t\t\t<div class=\"elementor-element elementor-element-4ce5c18 elementor-widget elementor-widget-spacer\" data-id=\"4ce5c18\" data-element_type=\"widget\" data-widget_type=\"spacer.default\">\n\t\t\t\t<div class=\"elementor-widget-container\">\n\t\t\t\t\t\t\t<div class=\"elementor-spacer\">\n\t\t\t<div class=\"elementor-spacer-inner\"><\/div>\n\t\t<\/div>\n\t\t\t\t\t\t<\/div>\n\t\t\t\t<\/div>\n\t\t\t\t<div class=\"elementor-element elementor-element-a1a1d91 elementor-widget elementor-widget-text-editor\" data-id=\"a1a1d91\" data-element_type=\"widget\" data-widget_type=\"text-editor.default\">\n\t\t\t\t<div class=\"elementor-widget-container\">\n\t\t\t\t\t\t\t\t\t<p style=\"margin: 0cm; line-height: 14.25pt; background-image: initial; background-position: initial; background-size: initial; background-repeat: initial; background-attachment: initial; background-origin: initial; background-clip: initial;\"><span style=\"font-size: 10.5pt; font-family: Roboto; padding: 0cm; border: 1pt none windowtext;\">W urz\u0105dzeniu znajduje si\u0119 para wodna oraz wilgo\u0107, kt\u00f3re s\u0105 przyjaznym \u015brodowiskiem dla wzrostu wszelkiego rodzaju bakterii, grzyb\u00f3w, czy drobnoustroj\u00f3w. Rozwijaj\u0105c si\u0119, mog\u0105 oddzia\u0142ywa\u0107 negatywnie na nasze\u00a0<b>zdrowie<\/b>, a ponadto sprzyja\u0107 pojawianiu si\u0119 ple\u015bni w pomieszczeniu.<\/span><\/p><p style=\"margin: 0cm; line-height: 14.25pt; background-image: initial; background-position: initial; background-size: initial; background-repeat: initial; background-attachment: initial; background-origin: initial; background-clip: initial; font-variant-ligatures: normal; font-variant-caps: normal;\"><span style=\"font-size: 10.5pt; font-family: Roboto; padding: 0cm; border: 1pt none windowtext;\">\u00a0<\/span><\/p><p style=\"margin: 0cm; line-height: 14.25pt; background-image: initial; background-position: initial; background-size: initial; background-repeat: initial; background-attachment: initial; background-origin: initial; background-clip: initial; font-variant-ligatures: normal; font-variant-caps: normal; --font-size: 19.3515px; --line-height: 1;\"><b><span style=\"font-size: 10.5pt; font-family: Roboto; padding: 0cm; border: 1pt none windowtext;\">Zanieczyszczenia<\/span><\/b><span style=\"font-size: 10.5pt; font-family: Roboto; padding: 0cm; border: 1pt none windowtext;\">\u00a0negatywnie wp\u0142ywaj\u0105 na dzia\u0142anie klimatyzacji i sprawiaj\u0105, \u017ce instalacja nie ch\u0142odzi ani nie grzeje tak, jak powinna, a dodatkowo zu\u017cywa wi\u0119cej pr\u0105du. Nie wspominaj\u0105c o przykrym zapachu, kt\u00f3ry mo\u017ce si\u0119 wydobywa\u0107 z jej wn\u0119trza.<\/span><\/p><p style=\"margin: 0cm; line-height: 14.25pt; background-image: initial; background-position: initial; background-size: initial; background-repeat: initial; background-attachment: initial; background-origin: initial; background-clip: initial; font-variant-ligatures: normal; font-variant-caps: normal; --font-size: 19.3515px; --line-height: 1;\"><span style=\"font-size: 10.5pt; font-family: Roboto; padding: 0cm; border: 1pt none windowtext;\">\u00a0<\/span><\/p><p style=\"margin: 0cm; line-height: 14.25pt; background-image: initial; background-position: initial; background-size: initial; background-repeat: initial; background-attachment: initial; background-origin: initial; background-clip: initial; font-variant-ligatures: normal; font-variant-caps: normal; --font-size: 19.3515px; --line-height: 1;\"><span style=\"font-size: 10.5pt; font-family: Roboto; padding: 0cm; border: 1pt none windowtext;\">Dla prawid\u0142owej kondycji naszego systemu klimatyzacyjnego niezwykle istotne s\u0105 okresowe przegl\u0105dy techniczne. Polegaj\u0105 nie tylko na sprawdzeniu dzia\u0142ania instalacji, ale tak\u017ce na gruntownym\u00a0<b>czyszczeniu urz\u0105dzenia<\/b>. Przegl\u0105dy nale\u017cy zleca\u0107 profesjonalistom posiadaj\u0105cym odpowiednie certyfikaty, co jest to istotne z punktu widzenia zachowania gwarancji producenta.<\/span><\/p><p style=\"margin: 0cm; line-height: 14.25pt; background-image: initial; background-position: initial; background-size: initial; background-repeat: initial; background-attachment: initial; background-origin: initial; background-clip: initial; font-variant-ligatures: normal; font-variant-caps: normal; --font-size: 19.3515px; --line-height: 1;\"><span style=\"font-size: 10.5pt; font-family: Roboto; padding: 0cm; border: 1pt none windowtext;\"><br \/><!--[endif]--><\/span><\/p><p style=\"margin: 0cm; line-height: 14.25pt; background-image: initial; background-position: initial; background-size: initial; background-repeat: initial; background-attachment: initial; background-origin: initial; background-clip: initial;\">\u00a0<\/p><p style=\"margin: 0cm; line-height: 14.25pt; background-image: initial; background-position: initial; background-size: initial; background-repeat: initial; background-attachment: initial; background-origin: initial; background-clip: initial; font-variant-ligatures: normal; font-variant-caps: normal; --font-size: 19.3515px; --line-height: 1;\"><span style=\"font-size: 10.5pt; font-family: Roboto; padding: 0cm; border: 1pt none windowtext;\">Zapraszamy do kontaktu!<\/span><span style=\"font-family: Roboto; font-size: 10.5pt;\">\u00a0<\/span><\/p>\t\t\t\t\t\t\t\t<\/div>\n\t\t\t\t<\/div>\n\t\t\t\t\t<\/div>\n\t\t<\/div>\n\t\t\t\t\t<\/div>\n\t\t<\/section>\n\t\t\t\t<section class=\"elementor-section elementor-top-section elementor-element elementor-element-ce821d5 elementor-section-boxed elementor-section-height-default elementor-section-height-default\" data-id=\"ce821d5\" data-element_type=\"section\">\n\t\t\t\t\t\t<div class=\"elementor-container elementor-column-gap-default\">\n\t\t\t\t\t<div class=\"elementor-column elementor-col-100 elementor-top-column elementor-element elementor-element-6258b54\" data-id=\"6258b54\" data-element_type=\"column\">\n\t\t\t<div class=\"elementor-widget-wrap elementor-element-populated\">\n\t\t\t\t\t\t<div class=\"elementor-element elementor-element-de24edc elementor-widget elementor-widget-spacer\" data-id=\"de24edc\" data-element_type=\"widget\" data-widget_type=\"spacer.default\">\n\t\t\t\t<div class=\"elementor-widget-container\">\n\t\t\t\t\t\t\t<div class=\"elementor-spacer\">\n\t\t\t<div class=\"elementor-spacer-inner\"><\/div>\n\t\t<\/div>\n\t\t\t\t\t\t<\/div>\n\t\t\t\t<\/div>\n\t\t\t\t\t<\/div>\n\t\t<\/div>\n\t\t\t\t\t<\/div>\n\t\t<\/section>\n\t\t\t\t<section class=\"elementor-section elementor-top-section elementor-element elementor-element-f7de839 elementor-section-boxed elementor-section-height-default elementor-section-height-default\" data-id=\"f7de839\" data-element_type=\"section\">\n\t\t\t\t\t\t<div class=\"elementor-container elementor-column-gap-default\">\n\t\t\t\t\t<div class=\"elementor-column elementor-col-33 elementor-top-column elementor-element elementor-element-94669e0\" data-id=\"94669e0\" data-element_type=\"column\">\n\t\t\t<div class=\"elementor-widget-wrap elementor-element-populated\">\n\t\t\t\t\t\t<div class=\"elementor-element elementor-element-32828d5 elementor-widget elementor-widget-image\" data-id=\"32828d5\" data-element_type=\"widget\" data-widget_type=\"image.default\">\n\t\t\t\t<div class=\"elementor-widget-container\">\n\t\t\t\t\t\t\t\t\t\t\t\t\t\t\t<img decoding=\"async\" width=\"768\" height=\"576\" src=\"http:\/\/www.hol-tech.pl\/wp-content\/uploads\/2022\/08\/hol-tech-zdjecia-768x576.png\" class=\"attachment-medium_large size-medium_large wp-image-609\" alt=\"\" srcset=\"http:\/\/www.hol-tech.pl\/wp-content\/uploads\/2022\/08\/hol-tech-zdjecia-768x576.png 768w, http:\/\/www.hol-tech.pl\/wp-content\/uploads\/2022\/08\/hol-tech-zdjecia-300x225.png 300w, http:\/\/www.hol-tech.pl\/wp-content\/uploads\/2022\/08\/hol-tech-zdjecia.png 800w\" sizes=\"(max-width: 768px) 100vw, 768px\" \/>\t\t\t\t\t\t\t\t\t\t\t\t\t\t\t<\/div>\n\t\t\t\t<\/div>\n\t\t\t\t\t<\/div>\n\t\t<\/div>\n\t\t\t\t<div class=\"elementor-column elementor-col-33 elementor-top-column elementor-element elementor-element-b9b1236\" data-id=\"b9b1236\" data-element_type=\"column\">\n\t\t\t<div class=\"elementor-widget-wrap elementor-element-populated\">\n\t\t\t\t\t\t<div class=\"elementor-element elementor-element-fb8812b elementor-widget elementor-widget-image\" data-id=\"fb8812b\" data-element_type=\"widget\" data-widget_type=\"image.default\">\n\t\t\t\t<div class=\"elementor-widget-container\">\n\t\t\t\t\t\t\t\t\t\t\t\t\t\t\t<img decoding=\"async\" width=\"226\" height=\"300\" src=\"http:\/\/www.hol-tech.pl\/wp-content\/uploads\/2023\/02\/1-226x300.jpg\" class=\"attachment-medium size-medium wp-image-1691\" alt=\"\" srcset=\"http:\/\/www.hol-tech.pl\/wp-content\/uploads\/2023\/02\/1-226x300.jpg 226w, http:\/\/www.hol-tech.pl\/wp-content\/uploads\/2023\/02\/1.jpg 442w\" sizes=\"(max-width: 226px) 100vw, 226px\" \/>\t\t\t\t\t\t\t\t\t\t\t\t\t\t\t<\/div>\n\t\t\t\t<\/div>\n\t\t\t\t\t<\/div>\n\t\t<\/div>\n\t\t\t\t<div class=\"elementor-column elementor-col-33 elementor-top-column elementor-element elementor-element-41214a3\" data-id=\"41214a3\" data-element_type=\"column\">\n\t\t\t<div class=\"elementor-widget-wrap elementor-element-populated\">\n\t\t\t\t\t\t<div class=\"elementor-element elementor-element-1e6be2b elementor-widget elementor-widget-image\" data-id=\"1e6be2b\" data-element_type=\"widget\" data-widget_type=\"image.default\">\n\t\t\t\t<div class=\"elementor-widget-container\">\n\t\t\t\t\t\t\t\t\t\t\t\t\t\t\t<img loading=\"lazy\" decoding=\"async\" width=\"400\" height=\"300\" src=\"http:\/\/www.hol-tech.pl\/wp-content\/uploads\/2023\/02\/serw-1-2.jpg\" class=\"attachment-medium_large size-medium_large wp-image-1694\" alt=\"\" srcset=\"http:\/\/www.hol-tech.pl\/wp-content\/uploads\/2023\/02\/serw-1-2.jpg 400w, http:\/\/www.hol-tech.pl\/wp-content\/uploads\/2023\/02\/serw-1-2-300x225.jpg 300w\" sizes=\"(max-width: 400px) 100vw, 400px\" \/>\t\t\t\t\t\t\t\t\t\t\t\t\t\t\t<\/div>\n\t\t\t\t<\/div>\n\t\t\t\t\t<\/div>\n\t\t<\/div>\n\t\t\t\t\t<\/div>\n\t\t<\/section>\n\t\t\t\t<section class=\"elementor-section elementor-top-section elementor-element elementor-element-0500d3b elementor-section-boxed elementor-section-height-default elementor-section-height-default\" data-id=\"0500d3b\" data-element_type=\"section\">\n\t\t\t\t\t\t<div class=\"elementor-container elementor-column-gap-default\">\n\t\t\t\t\t<div class=\"elementor-column elementor-col-100 elementor-top-column elementor-element elementor-element-864ddd3\" data-id=\"864ddd3\" data-element_type=\"column\">\n\t\t\t<div class=\"elementor-widget-wrap elementor-element-populated\">\n\t\t\t\t\t\t<div class=\"elementor-element elementor-element-c3e276a elementor-align-center elementor-widget elementor-widget-button\" data-id=\"c3e276a\" data-element_type=\"widget\" data-widget_type=\"button.default\">\n\t\t\t\t<div class=\"elementor-widget-container\">\n\t\t\t\t\t\t\t\t\t<div class=\"elementor-button-wrapper\">\n\t\t\t\t\t<a class=\"elementor-button elementor-button-link elementor-size-sm\" href=\"https:\/\/www.hol-tech.pl\/index.php\/kontakt\/\">\n\t\t\t\t\t\t<span class=\"elementor-button-content-wrapper\">\n\t\t\t\t\t\t\t\t\t<span class=\"elementor-button-text\">Skorzystaj z profesjonalnego serwisu klimatyzacji<\/span>\n\t\t\t\t\t<\/span>\n\t\t\t\t\t<\/a>\n\t\t\t\t<\/div>\n\t\t\t\t\t\t\t\t<\/div>\n\t\t\t\t<\/div>\n\t\t\t\t\t<\/div>\n\t\t<\/div>\n\t\t\t\t\t<\/div>\n\t\t<\/section>\n\t\t\t\t<\/div>\n\t\t","protected":false},"excerpt":{"rendered":"<p>SERWIS KLIMATYZACJI Skorzystaj z profesjonalnego serwisu klimatyzacji W urz\u0105dzeniu znajduje si\u0119 para wodna oraz wilgo\u0107, kt\u00f3re s\u0105 przyjaznym \u015brodowiskiem dla wzrostu wszelkiego rodzaju bakterii, grzyb\u00f3w, czy drobnoustroj\u00f3w. Rozwijaj\u0105c si\u0119, mog\u0105 oddzia\u0142ywa\u0107 negatywnie na nasze\u00a0zdrowie, a ponadto sprzyja\u0107 pojawianiu si\u0119 ple\u015bni w pomieszczeniu. \u00a0 Zanieczyszczenia\u00a0negatywnie wp\u0142ywaj\u0105 na dzia\u0142anie klimatyzacji i sprawiaj\u0105, \u017ce instalacja nie ch\u0142odzi ani [&hellip;]<\/p>\n","protected":false},"author":2,"featured_media":0,"parent":0,"menu_order":0,"comment_status":"closed","ping_status":"closed","template":"","meta":{"ocean_post_layout":"full-screen","ocean_both_sidebars_style":"","ocean_both_sidebars_content_width":0,"ocean_both_sidebars_sidebars_width":0,"ocean_sidebar":"0","ocean_second_sidebar":"0","ocean_disable_margins":"enable","ocean_add_body_class":"","ocean_shortcode_before_top_bar":"","ocean_shortcode_after_top_bar":"","ocean_shortcode_before_header":"","ocean_shortcode_after_header":"","ocean_has_shortcode":"","ocean_shortcode_after_title":"","ocean_shortcode_before_footer_widgets":"","ocean_shortcode_after_footer_widgets":"","ocean_shortcode_before_footer_bottom":"","ocean_shortcode_after_footer_bottom":"","ocean_display_top_bar":"off","ocean_display_header":"default","ocean_header_style":"","ocean_center_header_left_menu":"0","ocean_custom_header_template":"0","ocean_custom_logo":0,"ocean_custom_retina_logo":0,"ocean_custom_logo_max_width":0,"ocean_custom_logo_tablet_max_width":0,"ocean_custom_logo_mobile_max_width":0,"ocean_custom_logo_max_height":0,"ocean_custom_logo_tablet_max_height":0,"ocean_custom_logo_mobile_max_height":0,"ocean_header_custom_menu":"0","ocean_menu_typo_font_family":"0","ocean_menu_typo_font_subset":"","ocean_menu_typo_font_size":0,"ocean_menu_typo_font_size_tablet":0,"ocean_menu_typo_font_size_mobile":0,"ocean_menu_typo_font_size_unit":"px","ocean_menu_typo_font_weight":"","ocean_menu_typo_font_weight_tablet":"","ocean_menu_typo_font_weight_mobile":"","ocean_menu_typo_transform":"","ocean_menu_typo_transform_tablet":"","ocean_menu_typo_transform_mobile":"","ocean_menu_typo_line_height":0,"ocean_menu_typo_line_height_tablet":0,"ocean_menu_typo_line_height_mobile":0,"ocean_menu_typo_line_height_unit":"","ocean_menu_typo_spacing":0,"ocean_menu_typo_spacing_tablet":0,"ocean_menu_typo_spacing_mobile":0,"ocean_menu_typo_spacing_unit":"","ocean_menu_link_color":"","ocean_menu_link_color_hover":"","ocean_menu_link_color_active":"","ocean_menu_link_background":"","ocean_menu_link_hover_background":"","ocean_menu_link_active_background":"","ocean_menu_social_links_bg":"","ocean_menu_social_hover_links_bg":"","ocean_menu_social_links_color":"","ocean_menu_social_hover_links_color":"","ocean_disable_title":"on","ocean_disable_heading":"default","ocean_post_title":"","ocean_post_subheading":"","ocean_post_title_style":"","ocean_post_title_background_color":"","ocean_post_title_background":0,"ocean_post_title_bg_image_position":"","ocean_post_title_bg_image_attachment":"","ocean_post_title_bg_image_repeat":"","ocean_post_title_bg_image_size":"","ocean_post_title_height":0,"ocean_post_title_bg_overlay":0.5,"ocean_post_title_bg_overlay_color":"","ocean_disable_breadcrumbs":"default","ocean_breadcrumbs_color":"","ocean_breadcrumbs_separator_color":"","ocean_breadcrumbs_links_color":"","ocean_breadcrumbs_links_hover_color":"","ocean_display_footer_widgets":"default","ocean_display_footer_bottom":"default","ocean_custom_footer_template":"0","footnotes":""},"class_list":["post-621","page","type-page","status-publish","hentry","entry"],"_links":{"self":[{"href":"https:\/\/www.hol-tech.pl\/index.php\/wp-json\/wp\/v2\/pages\/621","targetHints":{"allow":["GET"]}}],"collection":[{"href":"https:\/\/www.hol-tech.pl\/index.php\/wp-json\/wp\/v2\/pages"}],"about":[{"href":"https:\/\/www.hol-tech.pl\/index.php\/wp-json\/wp\/v2\/types\/page"}],"author":[{"embeddable":true,"href":"https:\/\/www.hol-tech.pl\/index.php\/wp-json\/wp\/v2\/users\/2"}],"replies":[{"embeddable":true,"href":"https:\/\/www.hol-tech.pl\/index.php\/wp-json\/wp\/v2\/comments?post=621"}],"version-history":[{"count":70,"href":"https:\/\/www.hol-tech.pl\/index.php\/wp-json\/wp\/v2\/pages\/621\/revisions"}],"predecessor-version":[{"id":1835,"href":"https:\/\/www.hol-tech.pl\/index.php\/wp-json\/wp\/v2\/pages\/621\/revisions\/1835"}],"wp:attachment":[{"href":"https:\/\/www.hol-tech.pl\/index.php\/wp-json\/wp\/v2\/media?parent=621"}],"curies":[{"name":"wp","href":"https:\/\/api.w.org\/{rel}","templated":true}]}}