{"id":618,"date":"2022-08-03T17:17:48","date_gmt":"2022-08-03T17:17:48","guid":{"rendered":"https:\/\/www.hol-tech.pl\/?page_id=618"},"modified":"2023-02-20T00:34:18","modified_gmt":"2023-02-20T00:34:18","slug":"klimatyzacja-dla-firmy","status":"publish","type":"page","link":"https:\/\/www.hol-tech.pl\/index.php\/klimatyzacja-dla-firmy\/","title":{"rendered":"Klimatyzacja dla firmy"},"content":{"rendered":"\t\t<div data-elementor-type=\"wp-page\" data-elementor-id=\"618\" class=\"elementor elementor-618\" data-elementor-post-type=\"page\">\n\t\t\t\t\t\t<section class=\"elementor-section elementor-top-section elementor-element elementor-element-07ef884 elementor-section-boxed elementor-section-height-default elementor-section-height-default\" data-id=\"07ef884\" data-element_type=\"section\">\n\t\t\t\t\t\t<div class=\"elementor-container elementor-column-gap-default\">\n\t\t\t\t\t<div class=\"elementor-column elementor-col-100 elementor-top-column elementor-element elementor-element-39cb4f7\" data-id=\"39cb4f7\" data-element_type=\"column\">\n\t\t\t<div class=\"elementor-widget-wrap elementor-element-populated\">\n\t\t\t\t\t\t<div class=\"elementor-element elementor-element-c0d7880 elementor-widget elementor-widget-heading\" data-id=\"c0d7880\" data-element_type=\"widget\" data-widget_type=\"heading.default\">\n\t\t\t\t<div class=\"elementor-widget-container\">\n\t\t\t\t\t<h2 class=\"elementor-heading-title elementor-size-default\">KLIMATYZACJA DLA FIRM<\/h2>\t\t\t\t<\/div>\n\t\t\t\t<\/div>\n\t\t\t\t\t<\/div>\n\t\t<\/div>\n\t\t\t\t\t<\/div>\n\t\t<\/section>\n\t\t\t\t<section class=\"elementor-section elementor-top-section elementor-element elementor-element-e59a2fb elementor-section-boxed elementor-section-height-default elementor-section-height-default\" data-id=\"e59a2fb\" data-element_type=\"section\">\n\t\t\t\t\t\t<div class=\"elementor-container elementor-column-gap-default\">\n\t\t\t\t\t<div class=\"elementor-column elementor-col-50 elementor-top-column elementor-element elementor-element-bf4010c\" data-id=\"bf4010c\" data-element_type=\"column\">\n\t\t\t<div class=\"elementor-widget-wrap elementor-element-populated\">\n\t\t\t\t\t\t<div class=\"elementor-element elementor-element-12f6543 elementor-widget elementor-widget-image\" data-id=\"12f6543\" data-element_type=\"widget\" data-widget_type=\"image.default\">\n\t\t\t\t<div class=\"elementor-widget-container\">\n\t\t\t\t\t\t\t\t\t\t\t\t\t\t\t<img fetchpriority=\"high\" decoding=\"async\" width=\"768\" height=\"512\" src=\"https:\/\/www.hol-tech.pl\/wp-content\/uploads\/2022\/10\/klima-coffee-1-768x512.jpg\" class=\"attachment-medium_large size-medium_large wp-image-1603\" alt=\"\" srcset=\"https:\/\/www.hol-tech.pl\/wp-content\/uploads\/2022\/10\/klima-coffee-1-768x512.jpg 768w, https:\/\/www.hol-tech.pl\/wp-content\/uploads\/2022\/10\/klima-coffee-1-300x200.jpg 300w, https:\/\/www.hol-tech.pl\/wp-content\/uploads\/2022\/10\/klima-coffee-1.jpg 1024w\" sizes=\"(max-width: 768px) 100vw, 768px\" \/>\t\t\t\t\t\t\t\t\t\t\t\t\t\t\t<\/div>\n\t\t\t\t<\/div>\n\t\t\t\t\t<\/div>\n\t\t<\/div>\n\t\t\t\t<div class=\"elementor-column elementor-col-50 elementor-top-column elementor-element elementor-element-f9a2754\" data-id=\"f9a2754\" data-element_type=\"column\">\n\t\t\t<div class=\"elementor-widget-wrap elementor-element-populated\">\n\t\t\t\t\t\t<div class=\"elementor-element elementor-element-0eaa4b9 elementor-widget elementor-widget-image\" data-id=\"0eaa4b9\" data-element_type=\"widget\" data-widget_type=\"image.default\">\n\t\t\t\t<div class=\"elementor-widget-container\">\n\t\t\t\t\t\t\t\t\t\t\t\t\t\t\t<img decoding=\"async\" width=\"768\" height=\"477\" src=\"https:\/\/www.hol-tech.pl\/wp-content\/uploads\/2022\/10\/compact-e1676850353412-768x477.jpg\" class=\"attachment-medium_large size-medium_large wp-image-1596\" alt=\"\" srcset=\"https:\/\/www.hol-tech.pl\/wp-content\/uploads\/2022\/10\/compact-e1676850353412-768x477.jpg 768w, https:\/\/www.hol-tech.pl\/wp-content\/uploads\/2022\/10\/compact-e1676850353412-300x186.jpg 300w, https:\/\/www.hol-tech.pl\/wp-content\/uploads\/2022\/10\/compact-e1676850353412.jpg 814w\" sizes=\"(max-width: 768px) 100vw, 768px\" \/>\t\t\t\t\t\t\t\t\t\t\t\t\t\t\t<\/div>\n\t\t\t\t<\/div>\n\t\t\t\t\t<\/div>\n\t\t<\/div>\n\t\t\t\t\t<\/div>\n\t\t<\/section>\n\t\t\t\t<section class=\"elementor-section elementor-top-section elementor-element elementor-element-fefd02c elementor-section-boxed elementor-section-height-default elementor-section-height-default\" data-id=\"fefd02c\" data-element_type=\"section\">\n\t\t\t\t\t\t<div class=\"elementor-container elementor-column-gap-default\">\n\t\t\t\t\t<div class=\"elementor-column elementor-col-100 elementor-top-column elementor-element elementor-element-b6473bb\" data-id=\"b6473bb\" data-element_type=\"column\">\n\t\t\t<div class=\"elementor-widget-wrap elementor-element-populated\">\n\t\t\t\t\t\t<div class=\"elementor-element elementor-element-443843b elementor-widget elementor-widget-spacer\" data-id=\"443843b\" data-element_type=\"widget\" data-widget_type=\"spacer.default\">\n\t\t\t\t<div class=\"elementor-widget-container\">\n\t\t\t\t\t\t\t<div class=\"elementor-spacer\">\n\t\t\t<div class=\"elementor-spacer-inner\"><\/div>\n\t\t<\/div>\n\t\t\t\t\t\t<\/div>\n\t\t\t\t<\/div>\n\t\t\t\t<div class=\"elementor-element elementor-element-5c65f6c elementor-align-center elementor-widget elementor-widget-button\" data-id=\"5c65f6c\" data-element_type=\"widget\" data-widget_type=\"button.default\">\n\t\t\t\t<div class=\"elementor-widget-container\">\n\t\t\t\t\t\t\t\t\t<div class=\"elementor-button-wrapper\">\n\t\t\t\t\t<a class=\"elementor-button elementor-button-link elementor-size-sm\" href=\"https:\/\/www.hol-tech.pl\/index.php\/kontakt\/\">\n\t\t\t\t\t\t<span class=\"elementor-button-content-wrapper\">\n\t\t\t\t\t\t\t\t\t<span class=\"elementor-button-text\">UM\u00d3W SI\u0118 NA BEZP\u0141\u0104TN\u0104 WYCEN\u0118<\/span>\n\t\t\t\t\t<\/span>\n\t\t\t\t\t<\/a>\n\t\t\t\t<\/div>\n\t\t\t\t\t\t\t\t<\/div>\n\t\t\t\t<\/div>\n\t\t\t\t\t<\/div>\n\t\t<\/div>\n\t\t\t\t\t<\/div>\n\t\t<\/section>\n\t\t\t\t<section class=\"elementor-section elementor-top-section elementor-element elementor-element-313a82e elementor-section-boxed elementor-section-height-default elementor-section-height-default\" data-id=\"313a82e\" data-element_type=\"section\">\n\t\t\t\t\t\t<div class=\"elementor-container elementor-column-gap-default\">\n\t\t\t\t\t<div class=\"elementor-column elementor-col-100 elementor-top-column elementor-element elementor-element-90ad9ab\" data-id=\"90ad9ab\" data-element_type=\"column\">\n\t\t\t<div class=\"elementor-widget-wrap elementor-element-populated\">\n\t\t\t\t\t\t<div class=\"elementor-element elementor-element-6fab56a elementor-widget elementor-widget-text-editor\" data-id=\"6fab56a\" data-element_type=\"widget\" data-widget_type=\"text-editor.default\">\n\t\t\t\t<div class=\"elementor-widget-container\">\n\t\t\t\t\t\t\t\t\t<p>Firma HOL-TECH zajmuje si\u0119\u00a0<strong>kompleksowym wyposa\u017ceniem<\/strong>\u00a0mieszka\u0144 i budynk\u00f3w w urz\u0105dzenia klimatyzacyjne wraz z ich\u00a0<strong>serwisem<\/strong>. Us\u0142ugi wykonujemy na terenie Wroc\u0142awia i okolic zar\u00f3wno w obiektach o przeznaczeniu mieszkalnym, jak i biurowym, u\u017cyteczno\u015bci publicznej, us\u0142ugowym, czy przemys\u0142owym.<\/p><p>Firma posiada\u00a0<strong>Certyfikat dla Przedsi\u0119biorc\u00f3w<\/strong>\u00a0Urz\u0119du Dozoru Technicznego w zakresie instalacji, naprawy, konserwacji, serwisowania oraz likwidacji urz\u0105dze\u0144 ch\u0142odniczych, klimatyzacyjnych i pomp ciep\u0142a.<\/p><p>Jeste\u015bmy r\u00f3wnie\u017c\u00a0<strong>certyfikowanym instalatorem<\/strong>\u00a0urz\u0105dze\u0144 klimatyzacyjnych wiod\u0105cych producent\u00f3w. Pracujemy na jednostkach firm: Samsung, LG, Mitsubishi Electric, Airwell, Carrier, Daikin, Gree, Haier, Hitachi, Kaisai, Midea, Rotenso i innych.<\/p><p>Dob\u00f3r jednostek klimatyzacyjnych prowadzimy przy uwzgl\u0119dnieniu parametr\u00f3w technicznych obiektu, ale r\u00f3wnie\u017c warunk\u00f3w ekonomicznych oraz dost\u0119pno\u015bci urz\u0105dze\u0144.<\/p><p>W celu okre\u015blenia\u00a0<strong>ceny\u00a0<\/strong>monta\u017cu jednostki klimatyzacyjnej, konieczne jest wcze\u015bniejsze sprawdzenie\u00a0<strong>warunk\u00f3w technicznych oraz dob\u00f3r urz\u0105dzenia po wizycie na obiekcie<\/strong>. Monta\u017c jednostki wewn\u0119trznej uzale\u017cniony jest od materia\u0142\u00f3w, z kt\u00f3rych zbudowana jest \u015bciana monta\u017cowa oraz od odleg\u0142o\u015bci od urz\u0105dzenia zewn\u0119trznego. Instalacj\u0119 orurowania prowadzimy zar\u00f3wno w bruzdach w \u015bcianach, jak i w kana\u0142ach maskuj\u0105cych. Do umiejscowienia agregatu ch\u0142odz\u0105cego na zewn\u0105trz budynku wymagane mo\u017ce by\u0107 u\u017cycie rusztowania, d\u017awigu, a nawet skorzystanie z us\u0142ug dekarskich. Natomiast monta\u017c klimatyzator\u00f3w kana\u0142owych uzale\u017cniony jest \u015bci\u015ble od sposobu rozprowadzenia instalacji wentylacyjnej w obiekcie.<\/p><p>Urz\u0105dzenia wewn\u0119trzne mo\u017cemy pom\u00f3c dobra\u0107 do stylu wyposa\u017cenia wn\u0119trza, zar\u00f3wno w zakresie\u00a0<strong>kolorystyki,<\/strong>\u00a0jak i kszta\u0142tu. Dost\u0119pne s\u0105 nie tylko bia\u0142e, montujemy r\u00f3wnie\u017c be\u017cowe, srebrne, czarne, czy te\u017c w kolorze z\u0142ota. Niekt\u00f3re mog\u0105 by\u0107 te\u017c w kszta\u0142cie bardziej nowoczesnym, a inne w klasycznym. Zapewniamy\u00a0<strong>profesjonalne\u00a0<\/strong>wykonanie us\u0142ugi.<\/p><p>Zapraszamy do sk\u0142adania zapyta\u0144 o szczeg\u00f3\u0142owe warunki wsp\u00f3\u0142pracy.<\/p>\t\t\t\t\t\t\t\t<\/div>\n\t\t\t\t<\/div>\n\t\t\t\t\t<\/div>\n\t\t<\/div>\n\t\t\t\t\t<\/div>\n\t\t<\/section>\n\t\t\t\t<\/div>\n\t\t","protected":false},"excerpt":{"rendered":"<p>KLIMATYZACJA DLA FIRM UM\u00d3W SI\u0118 NA BEZP\u0141\u0104TN\u0104 WYCEN\u0118 Firma HOL-TECH zajmuje si\u0119\u00a0kompleksowym wyposa\u017ceniem\u00a0mieszka\u0144 i budynk\u00f3w w urz\u0105dzenia klimatyzacyjne wraz z ich\u00a0serwisem. Us\u0142ugi wykonujemy na terenie Wroc\u0142awia i okolic zar\u00f3wno w obiektach o przeznaczeniu mieszkalnym, jak i biurowym, u\u017cyteczno\u015bci publicznej, us\u0142ugowym, czy przemys\u0142owym. Firma posiada\u00a0Certyfikat dla Przedsi\u0119biorc\u00f3w\u00a0Urz\u0119du Dozoru Technicznego w zakresie instalacji, naprawy, konserwacji, serwisowania oraz [&hellip;]<\/p>\n","protected":false},"author":2,"featured_media":0,"parent":0,"menu_order":0,"comment_status":"closed","ping_status":"closed","template":"","meta":{"ocean_post_layout":"full-screen","ocean_both_sidebars_style":"","ocean_both_sidebars_content_width":0,"ocean_both_sidebars_sidebars_width":0,"ocean_sidebar":"0","ocean_second_sidebar":"0","ocean_disable_margins":"enable","ocean_add_body_class":"","ocean_shortcode_before_top_bar":"","ocean_shortcode_after_top_bar":"","ocean_shortcode_before_header":"","ocean_shortcode_after_header":"","ocean_has_shortcode":"","ocean_shortcode_after_title":"","ocean_shortcode_before_footer_widgets":"","ocean_shortcode_after_footer_widgets":"","ocean_shortcode_before_footer_bottom":"","ocean_shortcode_after_footer_bottom":"","ocean_display_top_bar":"off","ocean_display_header":"default","ocean_header_style":"","ocean_center_header_left_menu":"0","ocean_custom_header_template":"0","ocean_custom_logo":0,"ocean_custom_retina_logo":0,"ocean_custom_logo_max_width":0,"ocean_custom_logo_tablet_max_width":0,"ocean_custom_logo_mobile_max_width":0,"ocean_custom_logo_max_height":0,"ocean_custom_logo_tablet_max_height":0,"ocean_custom_logo_mobile_max_height":0,"ocean_header_custom_menu":"0","ocean_menu_typo_font_family":"0","ocean_menu_typo_font_subset":"","ocean_menu_typo_font_size":0,"ocean_menu_typo_font_size_tablet":0,"ocean_menu_typo_font_size_mobile":0,"ocean_menu_typo_font_size_unit":"px","ocean_menu_typo_font_weight":"","ocean_menu_typo_font_weight_tablet":"","ocean_menu_typo_font_weight_mobile":"","ocean_menu_typo_transform":"","ocean_menu_typo_transform_tablet":"","ocean_menu_typo_transform_mobile":"","ocean_menu_typo_line_height":0,"ocean_menu_typo_line_height_tablet":0,"ocean_menu_typo_line_height_mobile":0,"ocean_menu_typo_line_height_unit":"","ocean_menu_typo_spacing":0,"ocean_menu_typo_spacing_tablet":0,"ocean_menu_typo_spacing_mobile":0,"ocean_menu_typo_spacing_unit":"","ocean_menu_link_color":"","ocean_menu_link_color_hover":"","ocean_menu_link_color_active":"","ocean_menu_link_background":"","ocean_menu_link_hover_background":"","ocean_menu_link_active_background":"","ocean_menu_social_links_bg":"","ocean_menu_social_hover_links_bg":"","ocean_menu_social_links_color":"","ocean_menu_social_hover_links_color":"","ocean_disable_title":"on","ocean_disable_heading":"default","ocean_post_title":"","ocean_post_subheading":"","ocean_post_title_style":"","ocean_post_title_background_color":"","ocean_post_title_background":0,"ocean_post_title_bg_image_position":"","ocean_post_title_bg_image_attachment":"","ocean_post_title_bg_image_repeat":"","ocean_post_title_bg_image_size":"","ocean_post_title_height":0,"ocean_post_title_bg_overlay":0.5,"ocean_post_title_bg_overlay_color":"","ocean_disable_breadcrumbs":"default","ocean_breadcrumbs_color":"","ocean_breadcrumbs_separator_color":"","ocean_breadcrumbs_links_color":"","ocean_breadcrumbs_links_hover_color":"","ocean_display_footer_widgets":"default","ocean_display_footer_bottom":"default","ocean_custom_footer_template":"0","footnotes":""},"class_list":["post-618","page","type-page","status-publish","hentry","entry"],"_links":{"self":[{"href":"https:\/\/www.hol-tech.pl\/index.php\/wp-json\/wp\/v2\/pages\/618","targetHints":{"allow":["GET"]}}],"collection":[{"href":"https:\/\/www.hol-tech.pl\/index.php\/wp-json\/wp\/v2\/pages"}],"about":[{"href":"https:\/\/www.hol-tech.pl\/index.php\/wp-json\/wp\/v2\/types\/page"}],"author":[{"embeddable":true,"href":"https:\/\/www.hol-tech.pl\/index.php\/wp-json\/wp\/v2\/users\/2"}],"replies":[{"embeddable":true,"href":"https:\/\/www.hol-tech.pl\/index.php\/wp-json\/wp\/v2\/comments?post=618"}],"version-history":[{"count":61,"href":"https:\/\/www.hol-tech.pl\/index.php\/wp-json\/wp\/v2\/pages\/618\/revisions"}],"predecessor-version":[{"id":1848,"href":"https:\/\/www.hol-tech.pl\/index.php\/wp-json\/wp\/v2\/pages\/618\/revisions\/1848"}],"wp:attachment":[{"href":"https:\/\/www.hol-tech.pl\/index.php\/wp-json\/wp\/v2\/media?parent=618"}],"curies":[{"name":"wp","href":"https:\/\/api.w.org\/{rel}","templated":true}]}}