{"id":42,"date":"2022-07-20T19:17:23","date_gmt":"2022-07-20T19:17:23","guid":{"rendered":"https:\/\/www.hol-tech.pl\/?page_id=42"},"modified":"2025-10-05T17:22:44","modified_gmt":"2025-10-05T17:22:44","slug":"kontakt","status":"publish","type":"page","link":"https:\/\/www.hol-tech.pl\/index.php\/kontakt\/","title":{"rendered":"Kontakt"},"content":{"rendered":"\t\t<div data-elementor-type=\"wp-page\" data-elementor-id=\"42\" class=\"elementor elementor-42\" data-elementor-post-type=\"page\">\n\t\t\t\t\t\t<section class=\"elementor-section elementor-top-section elementor-element elementor-element-0c243ee elementor-section-boxed elementor-section-height-default elementor-section-height-default\" data-id=\"0c243ee\" data-element_type=\"section\">\n\t\t\t\t\t\t<div class=\"elementor-container elementor-column-gap-default\">\n\t\t\t\t\t<div class=\"elementor-column elementor-col-100 elementor-top-column elementor-element elementor-element-8a20a94\" data-id=\"8a20a94\" data-element_type=\"column\">\n\t\t\t<div class=\"elementor-widget-wrap elementor-element-populated\">\n\t\t\t\t\t\t<div class=\"elementor-element elementor-element-3e865e6 elementor-widget elementor-widget-heading\" data-id=\"3e865e6\" data-element_type=\"widget\" data-widget_type=\"heading.default\">\n\t\t\t\t<div class=\"elementor-widget-container\">\n\t\t\t\t\t<h2 class=\"elementor-heading-title elementor-size-default\"><br>Um\u00f3w si\u0119 na bezp\u0142atn\u0105 wycen\u0119<\/h2>\t\t\t\t<\/div>\n\t\t\t\t<\/div>\n\t\t\t\t\t<\/div>\n\t\t<\/div>\n\t\t\t\t\t<\/div>\n\t\t<\/section>\n\t\t\t\t<section class=\"elementor-section elementor-top-section elementor-element elementor-element-2744fda elementor-section-boxed elementor-section-height-default elementor-section-height-default\" data-id=\"2744fda\" data-element_type=\"section\">\n\t\t\t\t\t\t<div class=\"elementor-container elementor-column-gap-default\">\n\t\t\t\t\t<div class=\"elementor-column elementor-col-50 elementor-top-column elementor-element elementor-element-ae3cd7b\" data-id=\"ae3cd7b\" data-element_type=\"column\">\n\t\t\t<div class=\"elementor-widget-wrap elementor-element-populated\">\n\t\t\t\t\t\t<div class=\"elementor-element elementor-element-a4a5ef5 elementor-widget elementor-widget-text-editor\" data-id=\"a4a5ef5\" data-element_type=\"widget\" data-widget_type=\"text-editor.default\">\n\t\t\t\t<div class=\"elementor-widget-container\">\n\t\t\t\t\t\t\t\t\t<p><b><span style=\"font-variant-ligatures: normal; font-variant-caps: normal; font-family: Roboto, sans-serif; font-size: 14px; font-style: normal;\">Hol-Tech Robert Ho<\/span><span style=\"font-variant-ligatures: normal; font-variant-caps: normal; font-family: Roboto, sans-serif; font-size: 14px; font-style: normal;\">l<i style=\"font-size: 14px;\">a<\/i>k<\/span><\/b><\/p><p style=\"font-variant-ligatures: normal; font-variant-caps: normal; font-family: Roboto, sans-serif; font-size: 14px; font-style: normal; font-weight: 400;\"><span style=\"font-size: 14px; font-weight: bold;\">TELEFON\u00a0 \u00a0<\/span><span style=\"font-size: 14px;\">570 135 135<\/span><\/p><p style=\"font-variant-ligatures: normal; font-variant-caps: normal; font-family: Roboto, sans-serif; font-size: 14px; font-style: normal; font-weight: 400;\"><span style=\"font-size: 14px; font-weight: bold;\">E-MAIL\u00a0 \u00a0<\/span><span style=\"font-size: 14px;\">kontakt@hol-tech.pl<\/span><\/p><p><span style=\"font-family: Roboto, sans-serif; font-size: 14px; font-style: normal; font-variant-ligatures: normal; font-variant-caps: normal; color: var( --e-global-color-text );\"><b>NIP<\/b><\/span><span style=\"font-family: Roboto, sans-serif; font-size: 14px; font-style: normal; font-variant-ligatures: normal; font-variant-caps: normal; color: var( --e-global-color-text );\">\u00a0 \u00a0<\/span><span style=\"font-family: Roboto, sans-serif; font-size: 14px; font-style: normal; font-variant-ligatures: normal; font-variant-caps: normal;\">8941101275<\/span><\/p><p><span style=\"font-family: Roboto, sans-serif; font-style: normal; font-variant-ligatures: normal; font-variant-caps: normal;\"><b>BANK PKO BP<\/b>\u00a0 \u00a0<\/span><span style=\"font-family: Roboto, sans-serif; font-size: 14px; font-style: normal; font-variant-ligatures: normal; font-variant-caps: normal;\">31 1020 5226 000<\/span><span style=\"font-family: Roboto, sans-serif; font-size: 14px; font-style: normal; font-variant-ligatures: normal; font-variant-caps: normal;\">0 6302 0621 5133<\/span><span style=\"font-family: Roboto, sans-serif; font-style: normal; font-variant-ligatures: normal; font-variant-caps: normal;\"><span style=\"background-color: #ffffff;\"><b><br \/><\/b><\/span><\/span><\/p>\t\t\t\t\t\t\t\t<\/div>\n\t\t\t\t<\/div>\n\t\t\t\t<div class=\"elementor-element elementor-element-ded0bb3 elementor-widget elementor-widget-text-editor\" data-id=\"ded0bb3\" data-element_type=\"widget\" data-widget_type=\"text-editor.default\">\n\t\t\t\t<div class=\"elementor-widget-container\">\n\t\t\t\t\t\t\t\t\t<p><b>GODZINY OTWARCIA<\/b><br><span style=\"font-size: 14px; color: var( --e-global-color-text );\">poniedzia\u0142ek \u2013 pi\u0105tek<br><\/span><span style=\"font-size: 14px; color: var( --e-global-color-text );\">7:30 \u2013 15:30<\/span><\/p>\t\t\t\t\t\t\t\t<\/div>\n\t\t\t\t<\/div>\n\t\t\t\t\t<\/div>\n\t\t<\/div>\n\t\t\t\t<div class=\"elementor-column elementor-col-50 elementor-top-column elementor-element elementor-element-e247beb\" data-id=\"e247beb\" data-element_type=\"column\">\n\t\t\t<div class=\"elementor-widget-wrap elementor-element-populated\">\n\t\t\t\t\t\t<div class=\"elementor-element elementor-element-b0b87ae elementor-widget__width-initial elementor-widget-mobile__width-inherit elementor-widget elementor-widget-wpforms\" data-id=\"b0b87ae\" data-element_type=\"widget\" data-widget_type=\"wpforms.default\">\n\t\t\t\t<div class=\"elementor-widget-container\">\n\t\t\t\t\t<div class=\"wpforms-container wpforms-container-full\" id=\"wpforms-399\"><form id=\"wpforms-form-399\" class=\"wpforms-validate wpforms-form wpforms-ajax-form\" data-formid=\"399\" method=\"post\" enctype=\"multipart\/form-data\" action=\"\/index.php\/wp-json\/wp\/v2\/pages\/42\" data-token=\"c3b75af0942c3e57b3a7a92366f2d91f\" data-token-time=\"1776599608\"><noscript class=\"wpforms-error-noscript\">Aby wype\u0142ni\u0107 ten formularz, w\u0142\u0105cz obs\u0142ug\u0119 JavaScript w przegl\u0105darce.<\/noscript><div class=\"wpforms-field-container\"><div id=\"wpforms-399-field_0-container\" class=\"wpforms-field wpforms-field-name\" data-field-id=\"0\"><label class=\"wpforms-field-label\" for=\"wpforms-399-field_0\">Imi\u0119 <span class=\"wpforms-required-label\">*<\/span><\/label><input type=\"text\" id=\"wpforms-399-field_0\" class=\"wpforms-field-large wpforms-field-required\" name=\"wpforms[fields][0]\" required><\/div><div id=\"wpforms-399-field_1-container\" class=\"wpforms-field wpforms-field-email\" data-field-id=\"1\"><label class=\"wpforms-field-label\" for=\"wpforms-399-field_1\">Email <span class=\"wpforms-required-label\">*<\/span><\/label><input type=\"email\" id=\"wpforms-399-field_1\" class=\"wpforms-field-large wpforms-field-required\" name=\"wpforms[fields][1]\" spellcheck=\"false\" required><\/div><div id=\"wpforms-399-field_6-container\" class=\"wpforms-field wpforms-field-number\" data-field-id=\"6\"><label class=\"wpforms-field-label\" for=\"wpforms-399-field_6\">Telefon<\/label><input type=\"number\" id=\"wpforms-399-field_6\" class=\"wpforms-field-medium\" name=\"wpforms[fields][6]\" step=\"any\" ><\/div><div id=\"wpforms-399-field_4-container\" class=\"wpforms-field wpforms-field-select wpforms-field-select-style-modern\" data-field-id=\"4\"><label class=\"wpforms-field-label\" for=\"wpforms-399-field_4\">Wybierz temat wiadomo\u015bci <span class=\"wpforms-required-label\">*<\/span><\/label><select id=\"wpforms-399-field_4\" class=\"wpforms-field-large wpforms-field-required choicesjs-select\" data-size-class=\"wpforms-field-row wpforms-field-large\" data-search-enabled=\"\" name=\"wpforms[fields][4]\" required=\"required\"><option value=\"\" class=\"placeholder\" disabled  selected='selected'>Wybierz temat<\/option><option value=\"Pompy cep\u0142a\"  class=\"choice-1 depth-1\"  >Pompy cep\u0142a<\/option><option value=\"Klimatyzacje\"  class=\"choice-2 depth-1\"  >Klimatyzacje<\/option><option value=\"Hurtownia elektryczna\"  class=\"choice-3 depth-1\"  >Hurtownia elektryczna<\/option><\/select><\/div><div id=\"wpforms-399-field_2-container\" class=\"wpforms-field wpforms-field-textarea\" data-field-id=\"2\"><label class=\"wpforms-field-label\" for=\"wpforms-399-field_2\">Pytanie<\/label><textarea id=\"wpforms-399-field_2\" class=\"wpforms-field-medium\" name=\"wpforms[fields][2]\" ><\/textarea><\/div><\/div><!-- .wpforms-field-container --><div class=\"wpforms-submit-container\" ><input type=\"hidden\" name=\"wpforms[id]\" value=\"399\"><input type=\"hidden\" name=\"page_title\" value=\"\"><input type=\"hidden\" name=\"page_url\" value=\"https:\/\/www.hol-tech.pl\/index.php\/wp-json\/wp\/v2\/pages\/42\"><input type=\"hidden\" name=\"url_referer\" value=\"\"><button type=\"submit\" name=\"wpforms[submit]\" id=\"wpforms-submit-399\" class=\"wpforms-submit\" data-alt-text=\"Wysy\u0142anie...\" data-submit-text=\"Wy\u015blij\" aria-live=\"assertive\" value=\"wpforms-submit\">Wy\u015blij<\/button><img decoding=\"async\" src=\"https:\/\/www.hol-tech.pl\/wp-content\/plugins\/wpforms-lite\/assets\/images\/submit-spin.svg\" class=\"wpforms-submit-spinner\" style=\"display: none;\" width=\"26\" height=\"26\" alt=\"Wczytywanie\"><\/div><\/form><\/div>  <!-- .wpforms-container -->\t\t\t\t<\/div>\n\t\t\t\t<\/div>\n\t\t\t\t\t<\/div>\n\t\t<\/div>\n\t\t\t\t\t<\/div>\n\t\t<\/section>\n\t\t\t\t<section class=\"elementor-section elementor-top-section elementor-element elementor-element-f6937f6 elementor-section-boxed elementor-section-height-default elementor-section-height-default\" data-id=\"f6937f6\" data-element_type=\"section\">\n\t\t\t\t\t\t<div class=\"elementor-container elementor-column-gap-default\">\n\t\t\t\t\t<div class=\"elementor-column elementor-col-100 elementor-top-column elementor-element elementor-element-0acbabe\" data-id=\"0acbabe\" data-element_type=\"column\">\n\t\t\t<div class=\"elementor-widget-wrap elementor-element-populated\">\n\t\t\t\t\t\t<div class=\"elementor-element elementor-element-3d1eaaf elementor-widget elementor-widget-Google\" data-id=\"3d1eaaf\" data-element_type=\"widget\" data-widget_type=\"Google.default\">\n\t\t\t\t<div class=\"elementor-widget-container\">\n\t\t\t\t\t<div data-src=\"https:\/\/cdn.trustindex.io\/loader.js?c6973f05519747998006e2d174f\"><\/div>\t\t\t\t<\/div>\n\t\t\t\t<\/div>\n\t\t\t\t\t<\/div>\n\t\t<\/div>\n\t\t\t\t\t<\/div>\n\t\t<\/section>\n\t\t\t\t<\/div>\n\t\t","protected":false},"excerpt":{"rendered":"<p>Um\u00f3w si\u0119 na bezp\u0142atn\u0105 wycen\u0119 Hol-Tech Robert Holak TELEFON\u00a0 \u00a0570 135 135 E-MAIL\u00a0 \u00a0kontakt@hol-tech.pl NIP\u00a0 \u00a08941101275 BANK PKO BP\u00a0 \u00a031 1020 5226 0000 6302 0621 5133 GODZINY OTWARCIAponiedzia\u0142ek \u2013 pi\u0105tek7:30 \u2013 15:30 Aby wype\u0142ni\u0107 ten formularz, w\u0142\u0105cz obs\u0142ug\u0119 JavaScript w przegl\u0105darce.Imi\u0119 *Email *TelefonWybierz temat wiadomo\u015bci *Wybierz tematPompy cep\u0142aKlimatyzacjeHurtownia elektrycznaPytanie Wy\u015blij<\/p>\n","protected":false},"author":2,"featured_media":0,"parent":0,"menu_order":0,"comment_status":"closed","ping_status":"closed","template":"","meta":{"ocean_post_layout":"full-screen","ocean_both_sidebars_style":"","ocean_both_sidebars_content_width":0,"ocean_both_sidebars_sidebars_width":0,"ocean_sidebar":"0","ocean_second_sidebar":"0","ocean_disable_margins":"enable","ocean_add_body_class":"","ocean_shortcode_before_top_bar":"","ocean_shortcode_after_top_bar":"","ocean_shortcode_before_header":"","ocean_shortcode_after_header":"","ocean_has_shortcode":"","ocean_shortcode_after_title":"","ocean_shortcode_before_footer_widgets":"","ocean_shortcode_after_footer_widgets":"","ocean_shortcode_before_footer_bottom":"","ocean_shortcode_after_footer_bottom":"","ocean_display_top_bar":"off","ocean_display_header":"default","ocean_header_style":"","ocean_center_header_left_menu":"0","ocean_custom_header_template":"0","ocean_custom_logo":0,"ocean_custom_retina_logo":0,"ocean_custom_logo_max_width":0,"ocean_custom_logo_tablet_max_width":0,"ocean_custom_logo_mobile_max_width":0,"ocean_custom_logo_max_height":0,"ocean_custom_logo_tablet_max_height":0,"ocean_custom_logo_mobile_max_height":0,"ocean_header_custom_menu":"0","ocean_menu_typo_font_family":"0","ocean_menu_typo_font_subset":"","ocean_menu_typo_font_size":0,"ocean_menu_typo_font_size_tablet":0,"ocean_menu_typo_font_size_mobile":0,"ocean_menu_typo_font_size_unit":"px","ocean_menu_typo_font_weight":"","ocean_menu_typo_font_weight_tablet":"","ocean_menu_typo_font_weight_mobile":"","ocean_menu_typo_transform":"","ocean_menu_typo_transform_tablet":"","ocean_menu_typo_transform_mobile":"","ocean_menu_typo_line_height":0,"ocean_menu_typo_line_height_tablet":0,"ocean_menu_typo_line_height_mobile":0,"ocean_menu_typo_line_height_unit":"","ocean_menu_typo_spacing":0,"ocean_menu_typo_spacing_tablet":0,"ocean_menu_typo_spacing_mobile":0,"ocean_menu_typo_spacing_unit":"","ocean_menu_link_color":"","ocean_menu_link_color_hover":"","ocean_menu_link_color_active":"","ocean_menu_link_background":"","ocean_menu_link_hover_background":"","ocean_menu_link_active_background":"","ocean_menu_social_links_bg":"","ocean_menu_social_hover_links_bg":"","ocean_menu_social_links_color":"","ocean_menu_social_hover_links_color":"","ocean_disable_title":"on","ocean_disable_heading":"on","ocean_post_title":"","ocean_post_subheading":"","ocean_post_title_style":"","ocean_post_title_background_color":"","ocean_post_title_background":0,"ocean_post_title_bg_image_position":"","ocean_post_title_bg_image_attachment":"","ocean_post_title_bg_image_repeat":"","ocean_post_title_bg_image_size":"","ocean_post_title_height":0,"ocean_post_title_bg_overlay":0.5,"ocean_post_title_bg_overlay_color":"","ocean_disable_breadcrumbs":"default","ocean_breadcrumbs_color":"","ocean_breadcrumbs_separator_color":"","ocean_breadcrumbs_links_color":"","ocean_breadcrumbs_links_hover_color":"","ocean_display_footer_widgets":"default","ocean_display_footer_bottom":"default","ocean_custom_footer_template":"0","footnotes":""},"class_list":["post-42","page","type-page","status-publish","hentry","entry"],"_links":{"self":[{"href":"https:\/\/www.hol-tech.pl\/index.php\/wp-json\/wp\/v2\/pages\/42","targetHints":{"allow":["GET"]}}],"collection":[{"href":"https:\/\/www.hol-tech.pl\/index.php\/wp-json\/wp\/v2\/pages"}],"about":[{"href":"https:\/\/www.hol-tech.pl\/index.php\/wp-json\/wp\/v2\/types\/page"}],"author":[{"embeddable":true,"href":"https:\/\/www.hol-tech.pl\/index.php\/wp-json\/wp\/v2\/users\/2"}],"replies":[{"embeddable":true,"href":"https:\/\/www.hol-tech.pl\/index.php\/wp-json\/wp\/v2\/comments?post=42"}],"version-history":[{"count":183,"href":"https:\/\/www.hol-tech.pl\/index.php\/wp-json\/wp\/v2\/pages\/42\/revisions"}],"predecessor-version":[{"id":2112,"href":"https:\/\/www.hol-tech.pl\/index.php\/wp-json\/wp\/v2\/pages\/42\/revisions\/2112"}],"wp:attachment":[{"href":"https:\/\/www.hol-tech.pl\/index.php\/wp-json\/wp\/v2\/media?parent=42"}],"curies":[{"name":"wp","href":"https:\/\/api.w.org\/{rel}","templated":true}]}}